{"id":433,"date":"2026-02-09T12:23:49","date_gmt":"2026-02-09T11:23:49","guid":{"rendered":"https:\/\/dev.ospita.berta-bewegt.ch\/kontakt\/"},"modified":"2026-03-19T09:10:16","modified_gmt":"2026-03-19T08:10:16","slug":"contakt","status":"publish","type":"page","link":"https:\/\/dev.ospita.berta-bewegt.ch\/fr\/contakt\/","title":{"rendered":"Contact"},"content":{"rendered":"\n            <section class=\"form-block block-margins\">\n            <div class=\"form-wrapper\">\n                <div class=\"frm_forms \" id=\"frm_form_12_container\" >\n<form enctype=\"multipart\/form-data\" method=\"post\" class=\"frm-show-form  frm_js_validate  frm_ajax_submit  frm_pro_form \" id=\"form_contact-form22\" >\n<div class=\"frm_form_fields \">\n<fieldset>\n<legend class=\"frm_screen_reader\">Kontakt FR<\/legend>\r\n\r\n<div class=\"frm_fields_container\">\n<input type=\"hidden\" name=\"frm_action\" value=\"create\" \/>\n<input type=\"hidden\" name=\"form_id\" value=\"12\" \/>\n<input type=\"hidden\" name=\"frm_hide_fields_12\" id=\"frm_hide_fields_12\" value=\"\" \/>\n<input type=\"hidden\" name=\"form_key\" value=\"contact-form22\" \/>\n<input type=\"hidden\" name=\"item_meta[0]\" value=\"\" \/>\n<input type=\"hidden\" id=\"frm_submit_entry_12\" name=\"frm_submit_entry_12\" value=\"ca31eb62e7\" \/><input type=\"hidden\" name=\"_wp_http_referer\" value=\"\/fr\/wp-json\/wp\/v2\/pages\/433\" \/><div id=\"frm_field_68_container\" class=\"frm_form_field form-field  frm_required_field frm_top_container show-label horizontal_radio\">\r\n\t<div  id=\"field_1ms8m2_label\" class=\"frm_primary_label\">Titre*\r\n\t\t<span class=\"frm_required\" aria-hidden=\"true\"><\/span>\r\n\t<\/div>\r\n\t<div class=\"frm_opt_container\" aria-labelledby=\"field_1ms8m2_label\" role=\"radiogroup\" aria-required=\"true\">\t\t<div class=\"frm_radio\" id=\"frm_radio_68-0\">\t\t\t<label  for=\"field_1ms8m2-0\">\n\t\t\t\t\t<input type=\"radio\" name=\"item_meta[68]\" id=\"field_1ms8m2-0\" value=\"Madame\"\n\t\t data-reqmsg=\"Dieses Feld darf nicht leer bleiben.\" data-invmsg=\"Titre* is invalid\"   \/> Madame<\/label><\/div>\n\t\t<div class=\"frm_radio\" id=\"frm_radio_68-1\">\t\t\t<label  for=\"field_1ms8m2-1\">\n\t\t\t\t\t<input type=\"radio\" name=\"item_meta[68]\" id=\"field_1ms8m2-1\" value=\"Monsieur\"\n\t\t data-reqmsg=\"Dieses Feld darf nicht leer bleiben.\" data-invmsg=\"Titre* is invalid\"   \/> Monsieur<\/label><\/div>\n<\/div>\r\n\t\r\n\t\r\n<\/div>\n<div id=\"frm_field_69_container\" class=\"frm_form_field form-field  frm_required_field frm_top_container\">\r\n    <label for=\"field_qh4icy4\" id=\"field_qh4icy4_label\" class=\"frm_primary_label\">Nom*\r\n        <span class=\"frm_required\" aria-hidden=\"true\"><\/span>\r\n    <\/label>\r\n    <input  type=\"text\" id=\"field_qh4icy4\" name=\"item_meta[69]\" value=\"\"  placeholder=\"Nom*\" data-reqmsg=\"Dieses Feld darf nicht leer bleiben.\" aria-required=\"true\" data-invmsg=\"Nom* is invalid\" aria-invalid=\"false\"   \/>\r\n    \r\n    \r\n<\/div>\n<div id=\"frm_field_70_container\" class=\"frm_form_field form-field  frm_required_field frm_hidden_container\">\r\n    <label for=\"field_ocfup14\" id=\"field_ocfup14_label\" class=\"frm_primary_label\">Pr\u00e9nom*\r\n        <span class=\"frm_required\" aria-hidden=\"true\"><\/span>\r\n    <\/label>\r\n    <input  type=\"text\" id=\"field_ocfup14\" name=\"item_meta[70]\" value=\"\"  placeholder=\"Pr\u00e9nom*\" data-reqmsg=\"Dieses Feld darf nicht leer bleiben.\" aria-required=\"true\" data-invmsg=\"Pr\u00e9nom* is invalid\" aria-invalid=\"false\"   \/>\r\n    \r\n    \r\n<\/div>\n<div id=\"frm_field_71_container\" class=\"frm_form_field form-field  frm_required_field frm_top_container\">\r\n    <label for=\"field_29yf4d5\" id=\"field_29yf4d5_label\" class=\"frm_primary_label\">E-Mail*\r\n        <span class=\"frm_required\" aria-hidden=\"true\"><\/span>\r\n    <\/label>\r\n    <input type=\"email\" id=\"field_29yf4d5\" name=\"item_meta[71]\" value=\"\"  placeholder=\"E-Mail*\" data-reqmsg=\"Dieses Feld darf nicht leer bleiben.\" aria-required=\"true\" data-invmsg=\"Bitte geben Sie eine g\u00fcltige E-Mail-Adresse ein.\" aria-invalid=\"false\"  \/>\r\n    \r\n    \r\n<\/div>\n<div id=\"frm_field_72_container\" class=\"frm_form_field form-field  frm_top_container\">\r\n\t<label for=\"field_v1l7p2\" id=\"field_v1l7p2_label\" class=\"frm_primary_label\">T\u00e9l\u00e9phone*\r\n\t\t<span class=\"frm_required\" aria-hidden=\"true\"><\/span>\r\n\t<\/label>\r\n\t<input  type=\"text\" id=\"field_v1l7p2\" name=\"item_meta[72]\" value=\"\"  placeholder=\"T\u00e9l\u00e9phone\" data-invmsg=\"T\u00e9l\u00e9phone* is invalid\" aria-invalid=\"false\"   \/>\r\n\t\r\n\t\r\n<\/div>\n<div id=\"frm_field_73_container\" class=\"frm_form_field form-field  frm_top_container\">\r\n    <label for=\"field_e6lis64\" id=\"field_e6lis64_label\" class=\"frm_primary_label\">Entreprise\r\n        <span class=\"frm_required\" aria-hidden=\"true\"><\/span>\r\n    <\/label>\r\n    <input  type=\"text\" id=\"field_e6lis64\" name=\"item_meta[73]\" value=\"\"  placeholder=\"Entreprise\" data-invmsg=\"Entreprise is invalid\" aria-invalid=\"false\"   \/>\r\n    \r\n    \r\n<\/div>\n<div id=\"frm_field_74_container\" class=\"frm_form_field form-field  frm_top_container\">\r\n\t<label for=\"field_wuxgh2\" id=\"field_wuxgh2_label\" class=\"frm_primary_label\">Adresse\r\n\t\t<span class=\"frm_required\" aria-hidden=\"true\"><\/span>\r\n\t<\/label>\r\n\t<input  type=\"text\" id=\"field_wuxgh2\" name=\"item_meta[74]\" value=\"\"  placeholder=\"Adresse\" data-invmsg=\"Adresse is invalid\" aria-invalid=\"false\"   \/>\r\n\t\r\n\t\r\n<\/div>\n<div id=\"frm_field_75_container\" class=\"frm_form_field form-field  frm_required_field frm_top_container frm_third\">\r\n\t<label for=\"field_4kvct2\" id=\"field_4kvct2_label\" class=\"frm_primary_label\">Code postal*\r\n\t\t<span class=\"frm_required\" aria-hidden=\"true\"><\/span>\r\n\t<\/label>\r\n\t<input  type=\"text\" id=\"field_4kvct2\" name=\"item_meta[75]\" value=\"\"  data-frmmask=\"0000\" placeholder=\"Code postal*\" data-reqmsg=\"Code postal* cannot be blank.\" aria-required=\"true\" data-invmsg=\"Code postal* is invalid\" aria-invalid=\"false\" pattern=\"\\d\\d\\d\\d$\"   \/>\r\n\t\r\n\t\r\n<\/div>\n<div id=\"frm_field_76_container\" class=\"frm_form_field form-field  frm_required_field frm_top_container frm_two_thirds\">\r\n\t<label for=\"field_fayco2\" id=\"field_fayco2_label\" class=\"frm_primary_label\">Lieu*\r\n\t\t<span class=\"frm_required\" aria-hidden=\"true\"><\/span>\r\n\t<\/label>\r\n\t<input  type=\"text\" id=\"field_fayco2\" name=\"item_meta[76]\" value=\"\"  placeholder=\"Lieu*\" data-reqmsg=\"Lieu* cannot be blank.\" aria-required=\"true\" data-invmsg=\"Lieu* is invalid\" aria-invalid=\"false\"   \/>\r\n\t\r\n\t\r\n<\/div>\n<div id=\"frm_field_77_container\" class=\"frm_form_field form-field  frm_required_field frm_top_container\">\r\n\t<label for=\"field_5bf1e2\" id=\"field_5bf1e2_label\" class=\"frm_primary_label\">Message*\r\n\t\t<span class=\"frm_required\" aria-hidden=\"true\"><\/span>\r\n\t<\/label>\r\n\t<textarea name=\"item_meta[77]\" id=\"field_5bf1e2\" rows=\"5\"  placeholder=\"Message*\" data-reqmsg=\"Message* cannot be blank.\" aria-required=\"true\" data-invmsg=\"Message* is invalid\" aria-invalid=\"false\"  ><\/textarea>\r\n\t\r\n\t\r\n<\/div>\n<div id=\"frm_field_78_container\" class=\"frm_form_field  frm12 frm_first frm_html_container form-field\">\n<p>*Ces champs sont obligatoires.<\/p>\n<\/div>\n<div id=\"frm_field_79_container\" class=\"frm_form_field form-field  frm12 frm_first\">\r\n\t<div class=\"frm_submit\">\r\n\r\n<button class=\"frm_button_submit frm_final_submit\" type=\"submit\"   formnovalidate=\"formnovalidate\">Envoyer<\/button>\r\n\r\n\r\n<\/div>\r\n<\/div>\n\t<input type=\"hidden\" name=\"item_key\" value=\"\" \/>\n\t\t\t<div id=\"frm_field_120_container\">\n\t\t\t<label for=\"field_gd31s\" >\n\t\t\t\tSi vous \u00eates un humain, ne remplissez pas ce champ.\t\t\t<\/label>\n\t\t\t<input  id=\"field_gd31s\" type=\"text\" class=\"frm_form_field form-field frm_verify\" name=\"item_meta[120]\" value=\"\"  \/>\n\t\t<\/div>\n\t\t<input name=\"frm_state\" type=\"hidden\" value=\"NXyrExWuDem7nV2J5DHnGZ0a0kUFvxKSkCR800BXosUqUAjEPoAb\/tsOBpo4G\/mK\" \/><\/div>\n<\/fieldset>\n<\/div>\n\n<\/form>\n<\/div>\n            <\/div>\n\n                    <\/section>\n    \n\n\n\n\n\n    <section class=\"medienkontakt-block block-margins\">\n                    <div class=\"medienkontakt-only-text text-white-wrapper\">\n                <h2 class=\"mb_0\">Contact m\u00e9dias<\/h2>\n                <div class=\"local-title-divider\"><\/div>\n\n                                    <p class=\"mb_0\">Guido Schommer, Secr\u00e9taire g\u00e9n\u00e9ral ospita<\/p>\n                \n                                    <p class=\"mb_0\">+41 31 387 37 20<\/p>\n                \n                                    <p class=\"mb_0\"><a href=\"mailto:info@ospita.ch\">info@ospita.ch<\/a><\/p>\n                            <\/div>\n            <\/section>\n\n\n\n\n\n\n<p><\/p>\n","protected":false},"excerpt":{"rendered":"","protected":false},"author":1,"featured_media":541,"parent":0,"menu_order":0,"comment_status":"closed","ping_status":"closed","template":"","meta":{"_acf_changed":false,"inline_featured_image":false,"footnotes":""},"class_list":["post-433","page","type-page","status-publish","has-post-thumbnail","hentry"],"acf":[],"yoast_head":"<!-- This site is optimized with the Yoast SEO plugin v27.2 - https:\/\/yoast.com\/product\/yoast-seo-wordpress\/ -->\n<title>Contact - ospita<\/title>\n<meta name=\"robots\" content=\"noindex, follow, max-snippet:-1, max-image-preview:large, max-video-preview:-1\" \/>\n<meta property=\"og:locale\" content=\"fr_FR\" \/>\n<meta property=\"og:type\" content=\"article\" \/>\n<meta property=\"og:title\" content=\"Contact - ospita\" \/>\n<meta property=\"og:url\" content=\"https:\/\/dev.ospita.berta-bewegt.ch\/fr\/contakt\/\" \/>\n<meta property=\"og:site_name\" content=\"ospita\" \/>\n<meta property=\"article:modified_time\" content=\"2026-03-19T08:10:16+00:00\" \/>\n<meta property=\"og:image\" content=\"https:\/\/dev.ospita.berta-bewegt.ch\/wp-content\/uploads\/2026\/02\/ospita_Events_o_Filter.jpg\" \/>\n\t<meta property=\"og:image:width\" content=\"2438\" \/>\n\t<meta property=\"og:image:height\" content=\"1580\" \/>\n\t<meta property=\"og:image:type\" content=\"image\/jpeg\" \/>\n<meta name=\"twitter:card\" content=\"summary_large_image\" \/>\n<meta name=\"twitter:label1\" content=\"Dur\u00e9e de lecture estim\u00e9e\" \/>\n\t<meta name=\"twitter:data1\" content=\"1 minute\" \/>\n<script type=\"application\/ld+json\" class=\"yoast-schema-graph\">{\"@context\":\"https:\/\/schema.org\",\"@graph\":[{\"@type\":\"WebPage\",\"@id\":\"https:\/\/dev.ospita.berta-bewegt.ch\/fr\/contakt\/\",\"url\":\"https:\/\/dev.ospita.berta-bewegt.ch\/fr\/contakt\/\",\"name\":\"Contact - ospita\",\"isPartOf\":{\"@id\":\"https:\/\/dev.ospita.berta-bewegt.ch\/#website\"},\"primaryImageOfPage\":{\"@id\":\"https:\/\/dev.ospita.berta-bewegt.ch\/fr\/contakt\/#primaryimage\"},\"image\":{\"@id\":\"https:\/\/dev.ospita.berta-bewegt.ch\/fr\/contakt\/#primaryimage\"},\"thumbnailUrl\":\"https:\/\/dev.ospita.berta-bewegt.ch\/wp-content\/uploads\/2026\/02\/ospita_Events_o_Filter.jpg\",\"datePublished\":\"2026-02-09T11:23:49+00:00\",\"dateModified\":\"2026-03-19T08:10:16+00:00\",\"breadcrumb\":{\"@id\":\"https:\/\/dev.ospita.berta-bewegt.ch\/fr\/contakt\/#breadcrumb\"},\"inLanguage\":\"fr-FR\",\"potentialAction\":[{\"@type\":\"ReadAction\",\"target\":[\"https:\/\/dev.ospita.berta-bewegt.ch\/fr\/contakt\/\"]}]},{\"@type\":\"ImageObject\",\"inLanguage\":\"fr-FR\",\"@id\":\"https:\/\/dev.ospita.berta-bewegt.ch\/fr\/contakt\/#primaryimage\",\"url\":\"https:\/\/dev.ospita.berta-bewegt.ch\/wp-content\/uploads\/2026\/02\/ospita_Events_o_Filter.jpg\",\"contentUrl\":\"https:\/\/dev.ospita.berta-bewegt.ch\/wp-content\/uploads\/2026\/02\/ospita_Events_o_Filter.jpg\",\"width\":2438,\"height\":1580,\"caption\":\"\u00dcber Ospita\"},{\"@type\":\"BreadcrumbList\",\"@id\":\"https:\/\/dev.ospita.berta-bewegt.ch\/fr\/contakt\/#breadcrumb\",\"itemListElement\":[{\"@type\":\"ListItem\",\"position\":1,\"name\":\"Home\",\"item\":\"https:\/\/dev.ospita.berta-bewegt.ch\/fr\/\"},{\"@type\":\"ListItem\",\"position\":2,\"name\":\"Contact\"}]},{\"@type\":\"WebSite\",\"@id\":\"https:\/\/dev.ospita.berta-bewegt.ch\/#website\",\"url\":\"https:\/\/dev.ospita.berta-bewegt.ch\/\",\"name\":\"ospita\",\"description\":\"N\u00e4her versorgt von\u00a0den Schweizer Gesundheitsunternehmen\",\"potentialAction\":[{\"@type\":\"SearchAction\",\"target\":{\"@type\":\"EntryPoint\",\"urlTemplate\":\"https:\/\/dev.ospita.berta-bewegt.ch\/?s={search_term_string}\"},\"query-input\":{\"@type\":\"PropertyValueSpecification\",\"valueRequired\":true,\"valueName\":\"search_term_string\"}}],\"inLanguage\":\"fr-FR\"}]}<\/script>\n<!-- \/ Yoast SEO plugin. -->","yoast_head_json":{"title":"Contact - ospita","robots":{"index":"noindex","follow":"follow","max-snippet":"max-snippet:-1","max-image-preview":"max-image-preview:large","max-video-preview":"max-video-preview:-1"},"og_locale":"fr_FR","og_type":"article","og_title":"Contact - ospita","og_url":"https:\/\/dev.ospita.berta-bewegt.ch\/fr\/contakt\/","og_site_name":"ospita","article_modified_time":"2026-03-19T08:10:16+00:00","og_image":[{"width":2438,"height":1580,"url":"https:\/\/dev.ospita.berta-bewegt.ch\/wp-content\/uploads\/2026\/02\/ospita_Events_o_Filter.jpg","type":"image\/jpeg"}],"twitter_card":"summary_large_image","twitter_misc":{"Dur\u00e9e de lecture estim\u00e9e":"1 minute"},"schema":{"@context":"https:\/\/schema.org","@graph":[{"@type":"WebPage","@id":"https:\/\/dev.ospita.berta-bewegt.ch\/fr\/contakt\/","url":"https:\/\/dev.ospita.berta-bewegt.ch\/fr\/contakt\/","name":"Contact - ospita","isPartOf":{"@id":"https:\/\/dev.ospita.berta-bewegt.ch\/#website"},"primaryImageOfPage":{"@id":"https:\/\/dev.ospita.berta-bewegt.ch\/fr\/contakt\/#primaryimage"},"image":{"@id":"https:\/\/dev.ospita.berta-bewegt.ch\/fr\/contakt\/#primaryimage"},"thumbnailUrl":"https:\/\/dev.ospita.berta-bewegt.ch\/wp-content\/uploads\/2026\/02\/ospita_Events_o_Filter.jpg","datePublished":"2026-02-09T11:23:49+00:00","dateModified":"2026-03-19T08:10:16+00:00","breadcrumb":{"@id":"https:\/\/dev.ospita.berta-bewegt.ch\/fr\/contakt\/#breadcrumb"},"inLanguage":"fr-FR","potentialAction":[{"@type":"ReadAction","target":["https:\/\/dev.ospita.berta-bewegt.ch\/fr\/contakt\/"]}]},{"@type":"ImageObject","inLanguage":"fr-FR","@id":"https:\/\/dev.ospita.berta-bewegt.ch\/fr\/contakt\/#primaryimage","url":"https:\/\/dev.ospita.berta-bewegt.ch\/wp-content\/uploads\/2026\/02\/ospita_Events_o_Filter.jpg","contentUrl":"https:\/\/dev.ospita.berta-bewegt.ch\/wp-content\/uploads\/2026\/02\/ospita_Events_o_Filter.jpg","width":2438,"height":1580,"caption":"\u00dcber Ospita"},{"@type":"BreadcrumbList","@id":"https:\/\/dev.ospita.berta-bewegt.ch\/fr\/contakt\/#breadcrumb","itemListElement":[{"@type":"ListItem","position":1,"name":"Home","item":"https:\/\/dev.ospita.berta-bewegt.ch\/fr\/"},{"@type":"ListItem","position":2,"name":"Contact"}]},{"@type":"WebSite","@id":"https:\/\/dev.ospita.berta-bewegt.ch\/#website","url":"https:\/\/dev.ospita.berta-bewegt.ch\/","name":"ospita","description":"N\u00e4her versorgt von\u00a0den Schweizer Gesundheitsunternehmen","potentialAction":[{"@type":"SearchAction","target":{"@type":"EntryPoint","urlTemplate":"https:\/\/dev.ospita.berta-bewegt.ch\/?s={search_term_string}"},"query-input":{"@type":"PropertyValueSpecification","valueRequired":true,"valueName":"search_term_string"}}],"inLanguage":"fr-FR"}]}},"_links":{"self":[{"href":"https:\/\/dev.ospita.berta-bewegt.ch\/fr\/wp-json\/wp\/v2\/pages\/433","targetHints":{"allow":["GET"]}}],"collection":[{"href":"https:\/\/dev.ospita.berta-bewegt.ch\/fr\/wp-json\/wp\/v2\/pages"}],"about":[{"href":"https:\/\/dev.ospita.berta-bewegt.ch\/fr\/wp-json\/wp\/v2\/types\/page"}],"author":[{"embeddable":true,"href":"https:\/\/dev.ospita.berta-bewegt.ch\/fr\/wp-json\/wp\/v2\/users\/1"}],"replies":[{"embeddable":true,"href":"https:\/\/dev.ospita.berta-bewegt.ch\/fr\/wp-json\/wp\/v2\/comments?post=433"}],"version-history":[{"count":4,"href":"https:\/\/dev.ospita.berta-bewegt.ch\/fr\/wp-json\/wp\/v2\/pages\/433\/revisions"}],"predecessor-version":[{"id":834,"href":"https:\/\/dev.ospita.berta-bewegt.ch\/fr\/wp-json\/wp\/v2\/pages\/433\/revisions\/834"}],"wp:featuredmedia":[{"embeddable":true,"href":"https:\/\/dev.ospita.berta-bewegt.ch\/fr\/wp-json\/wp\/v2\/media\/541"}],"wp:attachment":[{"href":"https:\/\/dev.ospita.berta-bewegt.ch\/fr\/wp-json\/wp\/v2\/media?parent=433"}],"curies":[{"name":"wp","href":"https:\/\/api.w.org\/{rel}","templated":true}]}}