{"id":439,"date":"2026-02-09T12:23:42","date_gmt":"2026-02-09T11:23:42","guid":{"rendered":"https:\/\/dev.ospita.berta-bewegt.ch\/ueber-ospita\/"},"modified":"2026-04-13T15:47:29","modified_gmt":"2026-04-13T13:47:29","slug":"a-propos-ospita","status":"publish","type":"page","link":"https:\/\/dev.ospita.berta-bewegt.ch\/fr\/a-propos-ospita\/","title":{"rendered":"\u00c0 propos d&rsquo;ospita\u00a0"},"content":{"rendered":"\n<h2 class=\"wp-block-heading\">La voix des&nbsp;entreprises du secteur de la sant\u00e9<\/h2>\n\n\n\n<p>ospita&nbsp;est l&rsquo;association des&nbsp;cliniques et h\u00f4pitaux priv\u00e9s en Suisse. Elle&nbsp;repr\u00e9sente&nbsp;leurs int\u00e9r\u00eats aupr\u00e8s des milieux politiques, des autorit\u00e9s et du public,&nbsp;et&nbsp;\u0153uvre&nbsp;pour des&nbsp;conditions-cadres \u00e9quitables,&nbsp;une offre de soins&nbsp;performante&nbsp;et&nbsp;une&nbsp;coop\u00e9ration&nbsp;efficace&nbsp;au sein du syst\u00e8me de sant\u00e9.&nbsp;Plus de 100&nbsp;\u00e9tablissements&nbsp;membres veillent chaque jour \u00e0 ce&nbsp;que la Suisse b\u00e9n\u00e9ficie d&rsquo;une&nbsp;prise en charge&nbsp;de proximit\u00e9,&nbsp;au plus pr\u00e8s des besoins des&nbsp;r\u00e9gions.&nbsp;&nbsp;<\/p>\n\n\n\n<div class=\"wp-block-buttons is-layout-flex wp-block-buttons-is-layout-flex\">\n<div class=\"wp-block-button\"><a class=\"wp-block-button__link wp-element-button\" href=\"http:\/\/www.ospita.ch\/fr\" target=\"_blank\" rel=\"noreferrer noopener\">Vers le site web<\/a><\/div>\n<\/div>\n\n\n\n<h2 class=\"wp-block-heading\">\u00c0 propos de la campagne \u00abSoins de proximit\u00e9\u00bb\u00a0<\/h2>\n\n\n\n<p>Les \u00e9tablissements priv\u00e9s de sant\u00e9&nbsp;jouent un r\u00f4le central dans la prise en charge&nbsp;en Suisse.&nbsp;Chaque jour, ils veillent&nbsp;\u00e0 ce&nbsp;que la population&nbsp;b\u00e9n\u00e9ficie&nbsp;de soins m\u00e9dicaux de qualit\u00e9,&nbsp;accessibles rapidement et&nbsp;proches&nbsp;des lieux de vie.&nbsp;Ils&nbsp;assument des responsabilit\u00e9s dans les soins de base et sp\u00e9cialis\u00e9s,&nbsp;contribuent \u00e0 soulager le&nbsp;syst\u00e8me et sont solidement ancr\u00e9s dans les r\u00e9gions. Pourtant, leur contribution essentielle au&nbsp;bon&nbsp;fonctionnement du&nbsp;dispositif de sant\u00e9&nbsp;reste souvent&nbsp;invisible.&nbsp;<\/p>\n\n\n\n            <section class=\"bild-text-block block-margins\">\n            <div class=\"bild-part\">\n                <img decoding=\"async\" width=\"471\" height=\"471\" src=\"https:\/\/dev.ospita.berta-bewegt.ch\/wp-content\/uploads\/2026\/03\/naeher-versorgt-FR.png\" class=\"my-img\" alt=\"\" loading=\"lazy\" srcset=\"https:\/\/dev.ospita.berta-bewegt.ch\/wp-content\/uploads\/2026\/03\/naeher-versorgt-FR.png 471w, https:\/\/dev.ospita.berta-bewegt.ch\/wp-content\/uploads\/2026\/03\/naeher-versorgt-FR-300x300.png 300w\" sizes=\"auto, (max-width: 471px) 100vw, 471px\" \/>            <\/div>\n\n            <div class=\"text-part editor-text-wrapper \">\n                <p><span class=\"TextRun SCXW143775959 BCX0\" lang=\"FR-CH\" xml:lang=\"FR-CH\" data-contrast=\"auto\"><span class=\"NormalTextRun SCXW143775959 BCX0\">La campagne \u00ab Soins de proximit\u00e9<\/span><\/span><span class=\"TextRun SCXW143775959 BCX0\" lang=\"FR-CH\" xml:lang=\"FR-CH\" data-contrast=\"auto\"><span class=\"NormalTextRun SCXW143775959 BCX0\">\u00a0\u00bb\u00a0<\/span><span class=\"NormalTextRun SCXW143775959 BCX0\">a pour but de\u00a0<\/span><span class=\"NormalTextRun SCXW143775959 BCX0\">mettre en lumi\u00e8re cet apport<\/span><span class=\"NormalTextRun SCXW143775959 BCX0\">.<\/span><span class=\"NormalTextRun SCXW143775959 BCX0\">\u00a0En effet, les prestataires priv\u00e9s font partie\u00a0<\/span><span class=\"NormalTextRun SCXW143775959 BCX0\">int\u00e9grante\u00a0<\/span><span class=\"NormalTextRun SCXW143775959 BCX0\">du mandat constitutionnel en mati\u00e8re de soins. Ce n&rsquo;est pas\u00a0<\/span><span class=\"NormalTextRun SCXW143775959 BCX0\">l\u2019institution<\/span><span class=\"NormalTextRun SCXW143775959 BCX0\">\u00a0qui\u00a0<\/span><span class=\"NormalTextRun SCXW143775959 BCX0\">importe<\/span><span class=\"NormalTextRun SCXW143775959 BCX0\">, mais la prestation<\/span><span class=\"NormalTextRun SCXW143775959 BCX0\">\u00a0<\/span><span class=\"NormalTextRun SCXW143775959 BCX0\">d\u00e9livr\u00e9e<\/span><span class=\"NormalTextRun SCXW143775959 BCX0\">.\u00a0<\/span><span class=\"NormalTextRun SCXW143775959 BCX0\">L\u2019essentiel est que\u00a0<\/span><span class=\"NormalTextRun SCXW143775959 BCX0\">les soins\u00a0<\/span><span class=\"NormalTextRun SCXW143775959 BCX0\">soient<\/span><span class=\"NormalTextRun SCXW143775959 BCX0\">\u00a0fiable<\/span><span class=\"NormalTextRun SCXW143775959 BCX0\">s<\/span><span class=\"NormalTextRun SCXW143775959 BCX0\">, accessible<\/span><span class=\"NormalTextRun SCXW143775959 BCX0\">s<\/span><span class=\"NormalTextRun SCXW143775959 BCX0\">\u00a0et\u00a0<\/span><span class=\"NormalTextRun SCXW143775959 BCX0\">pleinement\u00a0<\/span><span class=\"NormalTextRun SCXW143775959 BCX0\">au service des patientes et des patients.<\/span><\/span><span class=\"EOP SCXW143775959 BCX0\" data-ccp-props=\"{&quot;335559738&quot;:240,&quot;335559739&quot;:240}\">\u00a0<\/span><\/p>\n            <\/div>\n        <\/section>\n    \n\n\n\n\n\n","protected":false},"excerpt":{"rendered":"<p>La voix des&nbsp;entreprises du secteur de la sant\u00e9 ospita&nbsp;est l&rsquo;association des&nbsp;cliniques et h\u00f4pitaux priv\u00e9s en Suisse. Elle&nbsp;repr\u00e9sente&nbsp;leurs int\u00e9r\u00eats aupr\u00e8s des milieux politiques, des autorit\u00e9s et du public,&nbsp;et&nbsp;\u0153uvre&nbsp;pour des&nbsp;conditions-cadres \u00e9quitables,&nbsp;une offre de soins&nbsp;performante&nbsp;et&nbsp;une&nbsp;coop\u00e9ration&nbsp;efficace&nbsp;au sein du syst\u00e8me de sant\u00e9.&nbsp;Plus de 100&nbsp;\u00e9tablissements&nbsp;membres veillent chaque jour \u00e0 ce&nbsp;que la Suisse b\u00e9n\u00e9ficie d&rsquo;une&nbsp;prise en charge&nbsp;de proximit\u00e9,&nbsp;au plus pr\u00e8s des besoins [&hellip;]<\/p>\n","protected":false},"author":1,"featured_media":330,"parent":0,"menu_order":0,"comment_status":"closed","ping_status":"closed","template":"","meta":{"_acf_changed":false,"inline_featured_image":false,"footnotes":""},"class_list":["post-439","page","type-page","status-publish","has-post-thumbnail","hentry"],"acf":[],"yoast_head":"<!-- This site is optimized with the Yoast SEO plugin v27.2 - https:\/\/yoast.com\/product\/yoast-seo-wordpress\/ -->\n<title>\u00c0 propos d&#039;ospita\u00a0 - ospita<\/title>\n<meta name=\"description\" content=\"Ospita est l\u2019association des entreprises priv\u00e9es du secteur de la sant\u00e9 en Suisse. Elle repr\u00e9sente leurs int\u00e9r\u00eats aupr\u00e8s des autorit\u00e9s politiques et du public.\" \/>\n<meta name=\"robots\" content=\"noindex, follow, max-snippet:-1, max-image-preview:large, max-video-preview:-1\" \/>\n<meta property=\"og:locale\" content=\"fr_FR\" \/>\n<meta property=\"og:type\" content=\"article\" \/>\n<meta property=\"og:title\" content=\"\u00c0 propos d&#039;ospita\u00a0 - ospita\" \/>\n<meta property=\"og:description\" content=\"Ospita est l\u2019association des entreprises priv\u00e9es du secteur de la sant\u00e9 en Suisse. Elle repr\u00e9sente leurs int\u00e9r\u00eats aupr\u00e8s des autorit\u00e9s politiques et du public.\" \/>\n<meta property=\"og:url\" content=\"https:\/\/dev.ospita.berta-bewegt.ch\/fr\/a-propos-ospita\/\" \/>\n<meta property=\"og:site_name\" content=\"ospita\" \/>\n<meta property=\"article:modified_time\" content=\"2026-04-13T13:47:29+00:00\" \/>\n<meta property=\"og:image\" content=\"https:\/\/dev.ospita.berta-bewegt.ch\/wp-content\/uploads\/2026\/02\/ospita_Hero_m_Filter-scaled.jpg\" \/>\n\t<meta property=\"og:image:width\" content=\"2560\" \/>\n\t<meta property=\"og:image:height\" content=\"1633\" \/>\n\t<meta property=\"og:image:type\" content=\"image\/jpeg\" \/>\n<meta name=\"twitter:card\" content=\"summary_large_image\" \/>\n<meta name=\"twitter:label1\" content=\"Dur\u00e9e de lecture estim\u00e9e\" \/>\n\t<meta name=\"twitter:data1\" content=\"2 minutes\" \/>\n<script type=\"application\/ld+json\" class=\"yoast-schema-graph\">{\"@context\":\"https:\/\/schema.org\",\"@graph\":[{\"@type\":\"WebPage\",\"@id\":\"https:\/\/dev.ospita.berta-bewegt.ch\/fr\/a-propos-ospita\/\",\"url\":\"https:\/\/dev.ospita.berta-bewegt.ch\/fr\/a-propos-ospita\/\",\"name\":\"\u00c0 propos d'ospita\u00a0 - ospita\",\"isPartOf\":{\"@id\":\"https:\/\/dev.ospita.berta-bewegt.ch\/#website\"},\"primaryImageOfPage\":{\"@id\":\"https:\/\/dev.ospita.berta-bewegt.ch\/fr\/a-propos-ospita\/#primaryimage\"},\"image\":{\"@id\":\"https:\/\/dev.ospita.berta-bewegt.ch\/fr\/a-propos-ospita\/#primaryimage\"},\"thumbnailUrl\":\"https:\/\/dev.ospita.berta-bewegt.ch\/wp-content\/uploads\/2026\/02\/ospita_Hero_m_Filter-scaled.jpg\",\"datePublished\":\"2026-02-09T11:23:42+00:00\",\"dateModified\":\"2026-04-13T13:47:29+00:00\",\"description\":\"Ospita est l\u2019association des entreprises priv\u00e9es du secteur de la sant\u00e9 en Suisse. Elle repr\u00e9sente leurs int\u00e9r\u00eats aupr\u00e8s des autorit\u00e9s politiques et du public.\",\"breadcrumb\":{\"@id\":\"https:\/\/dev.ospita.berta-bewegt.ch\/fr\/a-propos-ospita\/#breadcrumb\"},\"inLanguage\":\"fr-FR\",\"potentialAction\":[{\"@type\":\"ReadAction\",\"target\":[\"https:\/\/dev.ospita.berta-bewegt.ch\/fr\/a-propos-ospita\/\"]}]},{\"@type\":\"ImageObject\",\"inLanguage\":\"fr-FR\",\"@id\":\"https:\/\/dev.ospita.berta-bewegt.ch\/fr\/a-propos-ospita\/#primaryimage\",\"url\":\"https:\/\/dev.ospita.berta-bewegt.ch\/wp-content\/uploads\/2026\/02\/ospita_Hero_m_Filter-scaled.jpg\",\"contentUrl\":\"https:\/\/dev.ospita.berta-bewegt.ch\/wp-content\/uploads\/2026\/02\/ospita_Hero_m_Filter-scaled.jpg\",\"width\":2560,\"height\":1633},{\"@type\":\"BreadcrumbList\",\"@id\":\"https:\/\/dev.ospita.berta-bewegt.ch\/fr\/a-propos-ospita\/#breadcrumb\",\"itemListElement\":[{\"@type\":\"ListItem\",\"position\":1,\"name\":\"Home\",\"item\":\"https:\/\/dev.ospita.berta-bewegt.ch\/fr\/\"},{\"@type\":\"ListItem\",\"position\":2,\"name\":\"\u00c0 propos d&rsquo;ospita\u00a0\"}]},{\"@type\":\"WebSite\",\"@id\":\"https:\/\/dev.ospita.berta-bewegt.ch\/#website\",\"url\":\"https:\/\/dev.ospita.berta-bewegt.ch\/\",\"name\":\"ospita\",\"description\":\"N\u00e4her versorgt von\u00a0den Schweizer Gesundheitsunternehmen\",\"potentialAction\":[{\"@type\":\"SearchAction\",\"target\":{\"@type\":\"EntryPoint\",\"urlTemplate\":\"https:\/\/dev.ospita.berta-bewegt.ch\/?s={search_term_string}\"},\"query-input\":{\"@type\":\"PropertyValueSpecification\",\"valueRequired\":true,\"valueName\":\"search_term_string\"}}],\"inLanguage\":\"fr-FR\"}]}<\/script>\n<!-- \/ Yoast SEO plugin. -->","yoast_head_json":{"title":"\u00c0 propos d'ospita\u00a0 - ospita","description":"Ospita est l\u2019association des entreprises priv\u00e9es du secteur de la sant\u00e9 en Suisse. Elle repr\u00e9sente leurs int\u00e9r\u00eats aupr\u00e8s des autorit\u00e9s politiques et du public.","robots":{"index":"noindex","follow":"follow","max-snippet":"max-snippet:-1","max-image-preview":"max-image-preview:large","max-video-preview":"max-video-preview:-1"},"og_locale":"fr_FR","og_type":"article","og_title":"\u00c0 propos d'ospita\u00a0 - ospita","og_description":"Ospita est l\u2019association des entreprises priv\u00e9es du secteur de la sant\u00e9 en Suisse. Elle repr\u00e9sente leurs int\u00e9r\u00eats aupr\u00e8s des autorit\u00e9s politiques et du public.","og_url":"https:\/\/dev.ospita.berta-bewegt.ch\/fr\/a-propos-ospita\/","og_site_name":"ospita","article_modified_time":"2026-04-13T13:47:29+00:00","og_image":[{"width":2560,"height":1633,"url":"https:\/\/dev.ospita.berta-bewegt.ch\/wp-content\/uploads\/2026\/02\/ospita_Hero_m_Filter-scaled.jpg","type":"image\/jpeg"}],"twitter_card":"summary_large_image","twitter_misc":{"Dur\u00e9e de lecture estim\u00e9e":"2 minutes"},"schema":{"@context":"https:\/\/schema.org","@graph":[{"@type":"WebPage","@id":"https:\/\/dev.ospita.berta-bewegt.ch\/fr\/a-propos-ospita\/","url":"https:\/\/dev.ospita.berta-bewegt.ch\/fr\/a-propos-ospita\/","name":"\u00c0 propos d'ospita\u00a0 - ospita","isPartOf":{"@id":"https:\/\/dev.ospita.berta-bewegt.ch\/#website"},"primaryImageOfPage":{"@id":"https:\/\/dev.ospita.berta-bewegt.ch\/fr\/a-propos-ospita\/#primaryimage"},"image":{"@id":"https:\/\/dev.ospita.berta-bewegt.ch\/fr\/a-propos-ospita\/#primaryimage"},"thumbnailUrl":"https:\/\/dev.ospita.berta-bewegt.ch\/wp-content\/uploads\/2026\/02\/ospita_Hero_m_Filter-scaled.jpg","datePublished":"2026-02-09T11:23:42+00:00","dateModified":"2026-04-13T13:47:29+00:00","description":"Ospita est l\u2019association des entreprises priv\u00e9es du secteur de la sant\u00e9 en Suisse. Elle repr\u00e9sente leurs int\u00e9r\u00eats aupr\u00e8s des autorit\u00e9s politiques et du public.","breadcrumb":{"@id":"https:\/\/dev.ospita.berta-bewegt.ch\/fr\/a-propos-ospita\/#breadcrumb"},"inLanguage":"fr-FR","potentialAction":[{"@type":"ReadAction","target":["https:\/\/dev.ospita.berta-bewegt.ch\/fr\/a-propos-ospita\/"]}]},{"@type":"ImageObject","inLanguage":"fr-FR","@id":"https:\/\/dev.ospita.berta-bewegt.ch\/fr\/a-propos-ospita\/#primaryimage","url":"https:\/\/dev.ospita.berta-bewegt.ch\/wp-content\/uploads\/2026\/02\/ospita_Hero_m_Filter-scaled.jpg","contentUrl":"https:\/\/dev.ospita.berta-bewegt.ch\/wp-content\/uploads\/2026\/02\/ospita_Hero_m_Filter-scaled.jpg","width":2560,"height":1633},{"@type":"BreadcrumbList","@id":"https:\/\/dev.ospita.berta-bewegt.ch\/fr\/a-propos-ospita\/#breadcrumb","itemListElement":[{"@type":"ListItem","position":1,"name":"Home","item":"https:\/\/dev.ospita.berta-bewegt.ch\/fr\/"},{"@type":"ListItem","position":2,"name":"\u00c0 propos d&rsquo;ospita\u00a0"}]},{"@type":"WebSite","@id":"https:\/\/dev.ospita.berta-bewegt.ch\/#website","url":"https:\/\/dev.ospita.berta-bewegt.ch\/","name":"ospita","description":"N\u00e4her versorgt von\u00a0den Schweizer Gesundheitsunternehmen","potentialAction":[{"@type":"SearchAction","target":{"@type":"EntryPoint","urlTemplate":"https:\/\/dev.ospita.berta-bewegt.ch\/?s={search_term_string}"},"query-input":{"@type":"PropertyValueSpecification","valueRequired":true,"valueName":"search_term_string"}}],"inLanguage":"fr-FR"}]}},"_links":{"self":[{"href":"https:\/\/dev.ospita.berta-bewegt.ch\/fr\/wp-json\/wp\/v2\/pages\/439","targetHints":{"allow":["GET"]}}],"collection":[{"href":"https:\/\/dev.ospita.berta-bewegt.ch\/fr\/wp-json\/wp\/v2\/pages"}],"about":[{"href":"https:\/\/dev.ospita.berta-bewegt.ch\/fr\/wp-json\/wp\/v2\/types\/page"}],"author":[{"embeddable":true,"href":"https:\/\/dev.ospita.berta-bewegt.ch\/fr\/wp-json\/wp\/v2\/users\/1"}],"replies":[{"embeddable":true,"href":"https:\/\/dev.ospita.berta-bewegt.ch\/fr\/wp-json\/wp\/v2\/comments?post=439"}],"version-history":[{"count":19,"href":"https:\/\/dev.ospita.berta-bewegt.ch\/fr\/wp-json\/wp\/v2\/pages\/439\/revisions"}],"predecessor-version":[{"id":950,"href":"https:\/\/dev.ospita.berta-bewegt.ch\/fr\/wp-json\/wp\/v2\/pages\/439\/revisions\/950"}],"wp:featuredmedia":[{"embeddable":true,"href":"https:\/\/dev.ospita.berta-bewegt.ch\/fr\/wp-json\/wp\/v2\/media\/330"}],"wp:attachment":[{"href":"https:\/\/dev.ospita.berta-bewegt.ch\/fr\/wp-json\/wp\/v2\/media?parent=439"}],"curies":[{"name":"wp","href":"https:\/\/api.w.org\/{rel}","templated":true}]}}