{"id":422,"date":"2026-02-10T10:20:40","date_gmt":"2026-02-10T09:20:40","guid":{"rendered":"https:\/\/dev.ospita.berta-bewegt.ch\/datenschutz\/"},"modified":"2026-03-18T17:44:28","modified_gmt":"2026-03-18T16:44:28","slug":"privacy","status":"publish","type":"page","link":"https:\/\/dev.ospita.berta-bewegt.ch\/it\/privacy\/","title":{"rendered":"Privacy"},"content":{"rendered":"\n<h2 class=\"wp-block-heading\">1. Geltungsbereich<\/h2>\n\n\n\n<p>Die vorliegende Datenschutzerkl\u00e4rung bezieht sich auf den Umgang mit Personendaten von Besuchern unserer Website und anderen interessierten Personen (die \u00abBetroffenen\u00bb) durch ospita \u2013&nbsp;die Schweizer Gesundheitsunternehmen, 3000 Bern.<br><br>Es gilt das Schweizerische Datenschutzrecht (DSG). Auf allenfalls dar\u00fcber hinaus anwendbares Recht aus der Europ\u00e4ischen Datenschutz-Grundverordnung (DSGVO) wird spezifisch hingewiesen. Bitte beachten Sie, dass Bestand und Umfang Ihrer Rechte je nach dem auf den konkreten Fall anwendbaren Datenschutzgesetz variieren k\u00f6nnen.<br><br>Wir weisen darauf hin, dass diese Datenschutzerkl\u00e4rung von Zeit zu Zeit Anpassungen unterliegen kann.<\/p>\n\n\n\n<h2 class=\"wp-block-heading\">2. Zweck und Grundlage der Datenverarbeitung<\/h2>\n\n\n\n<ul class=\"wp-block-list\">\n<li>Wir verarbeiten Ihre Personendaten gest\u00fctzt auf verschiedene Grundlagen und zu verschiedenen Zwecken:<\/li>\n\n\n\n<li>Zum sicheren und stabilen Betrieb der vorliegenden Website. Daran besteht unser berechtigtes Interesse. Zur Verwendung von Analysesoftware, Cookies sowie Diensten und Inhalten Dritter siehe hiernach die Ziffern 3, 4 und 5 (Rechtsgrundlage im Anwendungsbereich der DSGVO: Art. 6 Abs. 1 lit. f DSGVO);<\/li>\n\n\n\n<li>Zur Erbringung von Leistungen im Rahmen von Vertragsverh\u00e4ltnissen bzw. zur Anbahnung solcher Vertragsverh\u00e4ltnisse sowie zur Aus\u00fcbung s\u00e4mtlicher damit einhergehenden Rechte und zur Wahrnehmung dahingehender Pflichten (Rechtsgrundlage im Anwendungsbereich der DSGVO: Art. 6 Abs. 1 lit. b DSGVO);<\/li>\n\n\n\n<li>Zur Kontaktaufnahme auf Ihre Anfrage hin. Dies st\u00fctzt sich auf Ihre Einwilligung bzw. dient ggfs. zur Anbahnung vertraglicher Verh\u00e4ltnisse (Rechtsgrundlagen im Anwendungsbereich der DSGVO: Art. 6 Abs. 1 lit. a bzw. Art. 6 lit. b DSGVO);<\/li>\n\n\n\n<li>F\u00fcr Marketingmassnahmen, insbesondere zum Versand von Newslettern. Daran besteht unser berechtigtes Interesse (Rechtsgrundlage im Anwendungsbereich der DSGVO: Art. 6 Abs. 1 lit. f DSGVO). Je nach Marketingmassnahme und anwendbarem Recht wird dazu ggfs. eine separate Einwilligung eingeholt (Rechtsgrundlage im Anwendungsbereich der DSGVO: Art. 6 Abs. 1 lit. a DSGVO).<\/li>\n\n\n\n<li>Zur Buchf\u00fchrung und Archivierung gem\u00e4ss anwendbarem Recht, sowie zur Erf\u00fcllung weiterer gesetzlicher Vorgaben (Rechtsgrundlage im Anwendungsbereich der DSGVO: Art. 6 Abs. 1 lit. c DSGVO und ggfs. Art. 6 Abs. 1 lit. f DSGVO).<\/li>\n<\/ul>\n\n\n\n<h2 class=\"wp-block-heading\"><strong>3. Analysesoftware<\/strong><\/h2>\n\n\n\n<h3 class=\"wp-block-heading\">3.1 Google Analytics<\/h3>\n\n\n\n<p>Unsere Website verwendet den Webanalysedienst Google Analytics von Google Inc., USA. Google Analytics verwendet Cookies (siehe Ziff. 4 Cookies). Diese erm\u00f6glichen eine Analyse der Nutzung unseres Websiteangebotes inkl. IP-Adressen durch Google in den USA. Wir weisen darauf hin, dass auf dieser Website Google Analytics um den Code \u00abgat._anonymizeIp();\u00bb erweitert wurde, um eine anonymisierte Erfassung von IP-Adressen (sog. IP-Masking) zu gew\u00e4hrleisten. Ist die Anonymisierung aktiv, k\u00fcrzt Google IP-Adressen innerhalb von Mitgliedstaaten der Europ\u00e4ischen Union oder in anderen Vertragsstaaten des Abkommens \u00fcber den Europ\u00e4ischen Wirtschaftsraum, weswegen keine R\u00fcckschl\u00fcsse auf Ihre Identit\u00e4t m\u00f6glich sind. Nur in Ausnahmef\u00e4llen wird die volle IP-Adresse an einen Server von Google in den USA \u00fcbertragen und dort gek\u00fcrzt. Google beachtet die Datenschutzbestimmungen des \u00abSwiss-USA Privacy Shield\u00bb-Abkommens und verf\u00fcgt damit \u00fcber ein ad\u00e4quates Datenschutzniveau. Google nutzt die gesammelten Informationen, um die Nutzung unserer Websites f\u00fcr uns auszuwerten, Berichte f\u00fcr uns diesbez\u00fcglich zu verfassen und andere diesbez\u00fcgliche Dienstleistungen an uns zu erbringen. Infos zur Deaktivierung von Google Analytics finden Sie unter\u00a0<a href=\"http:\/\/tools.google.com\/dlpage\/gaoptout?hl=de\" target=\"_blank\" rel=\"noreferrer noopener\">http:\/\/tools.google.com\/dlpage\/gaoptout?hl=de<\/a>.<br><br>Die Verwendung von Google Analytics liegt in unserem berechtigten Interesse zum Betrieb und zur Verbesserung unseres Angebotes (Rechtsgrundlage im Anwendungsbereich der DSGVO: Art. 6 Abs. 1 lit. f DSGVO).<\/p>\n\n\n\n<h2 class=\"wp-block-heading\"><strong>4. Cookies&nbsp;<\/strong><\/h2>\n\n\n\n<p>Wir setzen auf unserer Website auch Cookies (Session-Cookies sowie tempor\u00e4re und permanente Cookies) ein. Hierbei handelt es sich um kleine Dateien, die Ihr Browser automatisch erstellt und die auf Ihrem Endger\u00e4t (Laptop, Tablet, Smartphone etc.) gespeichert werden, wenn Sie unsere Seite besuchen. Ein Cookie bedeutet nicht in jedem Fall, dass wir Sie identifizieren k\u00f6nnen.<br><br>Der Einsatz von Cookies dient einerseits dazu, die Nutzungsh\u00e4ufigkeit, Nutzerzahl und Verhaltensweisen auf unserer Website zu protokollieren, die Sicherheit der Website-Nutzung zu erh\u00f6hen und unser Informationsangebot nutzerfreundlich auszugestalten. Sobald Sie die Website verlassen werden diese Cookies automatisch gel\u00f6scht.<br><br>Dar\u00fcber hinaus setzen wir ebenfalls zur Optimierung der Benutzerfreundlichkeit tempor\u00e4re Cookies ein, die f\u00fcr einen bestimmten festgelegten Zeitraum auf Ihrem Endger\u00e4t gespeichert werden. Besuchen Sie unsere Seite erneut, um unsere Dienste in Anspruch zu nehmen, wird automatisch erkannt, dass Sie bereits bei uns waren und welche Eingaben und Einstellungen sie get\u00e4tigt haben, um diese nicht noch einmal eingeben zu m\u00fcssen.<br><br>Die Verwendung von Cookies dient insbesondere dem benutzerfreundlichen und stabilen Betrieb der Website und erm\u00f6glicht es uns, unser Angebot zu verbessern. Darin besteht ein berechtigtes Interesse.<br><br>Sie k\u00f6nnen Ihre Browsereinstellung so konfigurieren, dass keine Cookies auf Ihrem Computer gespeichert werden. Die vollst\u00e4ndige Deaktivierung von Cookies kann dazu f\u00fchren, dass Sie nicht alle Funktionen unserer Website nutzen k\u00f6nnen.<br><br>Mit der fortgesetzten Nutzung unserer Website und\/oder der Zustimmung zu dieser Datenschutzerkl\u00e4rung willigen Sie ein, dass Cookies von uns gesetzt werden und damit personenbezogene Nutzungsdaten erhoben, gespeichert und genutzt werden, auch \u00fcber das Ende der Browser-Sitzung hinaus. Diese Einwilligung k\u00f6nnen Sie jederzeit widerrufen, indem Sie die Browservoreinstellung zur Verweigerung von Cookies von Drittanbietern aktivieren.<\/p>\n\n\n\n<h2 class=\"wp-block-heading\"><strong>5. Einbindung von Diensten und Inhalten Dritter<\/strong><\/h2>\n\n\n\n<h3 class=\"wp-block-heading\">5.1 Facebook<\/h3>\n\n\n\n<p>Auf unserer Website werden Plug-ins des sozialen Netzwerkes Facebook verwendet, das von der Facebook Inc. angeboten wird. Die Facebook-Plug-ins sind mit einem Facebook-Logo oder dem Zusatz \u00abLike\u00bb bzw. \u00abShare\u00bb gekennzeichnet. Eine \u00dcbersicht \u00fcber die Facebook Plug-ins und deren Aussehen finden Sie unter&nbsp;<a href=\"https:\/\/developers.facebook.com\/docs\/plugins\" target=\"_blank\" rel=\"noreferrer noopener\">https:\/\/developers.facebook.com\/docs\/plugins<\/a>.<br><br>Wenn Sie eine Seite unseres Webauftritts aufrufen, die ein solches Plug-in enth\u00e4lt, stellt Ihr Browser eine direkte Verbindung zu den Servern von Facebook her. Der Inhalt des Plug-ins wird von Facebook direkt an Ihren Browser \u00fcbermittelt und in die Seite eingebunden.<br><br>Durch diese Einbindung erh\u00e4lt Facebook die Information, dass Ihr Browser die entsprechende Seite unseres Webauftritts aufgerufen hat, auch wenn Sie kein Facebook-Profil besitzen oder gerade nicht bei Facebook eingeloggt sind. Diese Information (einschliesslich Ihrer IP-Adresse) wird von Ihrem Browser direkt an einen Server von Facebook in die USA \u00fcbermittelt und dort gespeichert.<br><br>Sind Sie bei Facebook eingeloggt, kann Facebook den Besuch unserer Website Ihrem Facebook-Profil unmittelbar zuordnen. Wenn Sie mit den Plug-ins interagieren, zum Beispiel den \u00abLike\u00bb-Button bet\u00e4tigen, wird diese Information ebenfalls direkt an einen Server von Facebook \u00fcbermittelt und dort gespeichert. Die Informationen werden ausserdem auf Ihrem Facebook-Profil ver\u00f6ffentlicht und Ihren Facebook-Freunden angezeigt.<br><br>Zweck und Umfang der Datenerhebung und die weitere Verarbeitung und Nutzung der Daten durch Facebook sowie Ihre diesbez\u00fcglichen Rechte und Einstellungsm\u00f6glichkeiten zum Schutz Ihrer Privatsph\u00e4re entnehmen Sie bitte den Datenschutzhinweisen von Facebook:&nbsp;<a href=\"http:\/\/www.facebook.com\/policy.php\" target=\"_blank\" rel=\"noreferrer noopener\">http:\/\/www.facebook.com\/policy.php<\/a>.<\/p>\n\n\n\n<h3 class=\"wp-block-heading\">5.2 Vimeo<\/h3>\n\n\n\n<p>F\u00fcr Integration und Darstellung von Videoinhalten werden auf unserer Website Plugins von Vimeo, LLC, 555 West 18th Street, New York, New York 10011, USA, benutzt. Bei Aufruf einer Seite mit integriertem Vimeo-Plugin wird eine Verbindung zu den Servern von Vimeo in den USA hergestellt. Vimeo erf\u00e4hrt hierdurch, welche unserer Seiten Sie aufgerufen haben. Vimeo kann Ihr Surfverhalten direkt Ihrem pers\u00f6nlichen Profil zuzuordnen, sollten Sie in Ihrem Vimeo Konto eingeloggt sein. Durch vorheriges Ausloggen haben Sie die M\u00f6glichkeit, dies zu unterbinden. Einzelheiten zum Umgang mit Nutzerdaten finden Sie in der Datenschutzerkl\u00e4rung von Vimeo unter:&nbsp;<a href=\"https:\/\/vimeo.com\/privacy\" target=\"_blank\" rel=\"noreferrer noopener\">https:\/\/vimeo.com\/privacy<\/a>.<\/p>\n\n\n\n<h3 class=\"wp-block-heading\">5.3 YouTube<\/h3>\n\n\n\n<p>F\u00fcr Integration und Darstellung von Videoinhalten werden auf unserer Website Plugins von YouTube, LLC, 901 Cherry Ave., San Bruno, CA 94066, USA, benutzt. Bei Aufruf einer Seite mit integriertem YouTube-Plugin wird eine Verbindung zu den Servern von YouTube in den USA hergestellt. YouTube erf\u00e4hrt hierdurch, welche unserer Seiten Sie aufgerufen haben. YouTube kann Ihr Surfverhalten direkt Ihrem pers\u00f6nlichen Profil zuzuordnen, sollten Sie in Ihrem YouTube Konto eingeloggt sein. Durch vorheriges Ausloggen haben Sie die M\u00f6glichkeit, dies zu unterbinden. Einzelheiten zum Umgang mit Nutzerdaten finden Sie in der Datenschutzerkl\u00e4rung von YouTube unter:&nbsp;<a href=\"https:\/\/policies.google.com\/privacy?hl=de&amp;gl=de\" target=\"_blank\" rel=\"noreferrer noopener\">https:\/\/policies.google.com\/privacy?hl=de&amp;gl=de<\/a>.<\/p>\n\n\n\n<h3 class=\"wp-block-heading\">5.4 Google Maps&nbsp;<\/h3>\n\n\n\n<p>Auf unserer Website werden Google Maps Dienste genutzt (z.B. In-Screen oder via Schnittstellen \/ API). Google LLC, USA, verarbeitet deshalb m\u00f6glicherweise Informationen \u00fcber Ihren tats\u00e4chlichen Standort. Google verwendet zur Standortbestimmung verschiedene Technologien, wie IP-Adressen, GPS und andere Sensoren, die Google beispielsweise Informationen \u00fcber nahe gelegene Ger\u00e4te, WLAN-Zugangspunkte oder Mobilfunkmasten bereitstellen.<br><br>Zweck und Umfang der Datenerhebung und die weitere Verarbeitung und Nutzung der Daten durch Google sowie Ihre diesbez\u00fcglichen Rechte und Einstellungsm\u00f6glichkeiten zum Schutz Ihrer Privatsph\u00e4re entnehmen Sie bitte den Datenschutzhinweisen von Google unter&nbsp;<a href=\"https:\/\/policies.google.com\/privacy?hl=de&amp;gl=de\" target=\"_blank\" rel=\"noreferrer noopener\">https:\/\/policies.google.com\/privacy?hl=de&amp;gl=de<\/a>.<\/p>\n\n\n\n<h3 class=\"wp-block-heading\">5.5 Google Web Fonts&nbsp;<\/h3>\n\n\n\n<p>Auf unserer Website wird f\u00fcr die Darstellung von Schriften Google Web Fonts verwendet, das von Google Inc. angeboten wird. Die Einbindung dieser Web Fonts erfolgt durch einen Serveraufruf, in der Regel ein Server von Google in den USA. Hierdurch wird an den Server \u00fcbermittelt, welche unserer Internetseiten Sie besucht haben. Auch wird die IP-Adresse des Browsers des Endger\u00e4tes des Besuchers dieser Internetseiten von Google gespeichert. Weitere Informationen finden Sie unter: https:\/\/fonts.<a href=\"https:\/\/fonts.google.com\/about\" target=\"_blank\" rel=\"noreferrer noopener\">google<\/a>.com\/about&nbsp;und&nbsp;<a href=\"https:\/\/developers.google.com\/fonts\/faq\/privacy\" target=\"_blank\" rel=\"noreferrer noopener\">https:\/\/developers.google.com\/fonts\/faq\/privacy<\/a>.<\/p>\n\n\n\n<h3 class=\"wp-block-heading\">5.6 Zweck und Rechtsgrundlage&nbsp;<\/h3>\n\n\n\n<p>Die Einbindung von Diensten und Inhalten Dritter erfolgt im Interesse einer ansprechenden Darstellung unserer Online-Angebote. Dies stellt ein berechtigtes Interesse im Sinne von Art. 6 Abs. 1 lit. f DSGVO dar.<br><br>\u00dcber die allenfalls dar\u00fcber hinaus zur Anwendung kommende Einbindung von weiteren Diensten und Inhalten stehen wir f\u00fcr Ausk\u00fcnfte gerne zur Verf\u00fcgung.<\/p>\n\n\n\n<h2 class=\"wp-block-heading\"><strong>6. Weitere Empf\u00e4nger Ihrer Daten&nbsp;<\/strong><\/h2>\n\n\n\n<p>Eine \u00dcbermittlung Ihrer Personendaten an Dritte zu anderen als den aufgef\u00fchrten Zwecken findet nicht statt.<br><br>Der Beizug von Auftragsdatenverarbeitern ist indes m\u00f6glich, insbesondere im Zusammenhang mit dem Beizug externer IT-Service-Provider. Diese Auftragsdatenverarbeiter nehmen die entsprechende Datenbearbeitung dabei ausschliesslich in unserem Namen vor. Sie sind dabei an die gleichen Datenschutzvorschriften gebunden, wie wir auch.<\/p>\n\n\n\n<h2 class=\"wp-block-heading\"><strong>7. Rechte der Betroffenen<\/strong>&nbsp;<\/h2>\n\n\n\n<p>Im Zusammenhang mit der Verarbeitung von Personendaten stehen den Betroffenen nachfolgend aufgef\u00fchrte Rechte von Gesetzes wegen zu. Bitte beachten Sie, dass sich deren Bestand und Umfang je nach konkret anwendbarer Datenschutzgesetzgebung im Einzelnen unterscheiden kann:<\/p>\n\n\n\n<ul class=\"wp-block-list\">\n<li>Information: Betroffene haben das Recht, von uns in Erfahrung zu bringen, ob Personendaten von Ihnen bearbeitet werden bzw. welche dies sind. Dazu k\u00f6nnen Auskunftsbegehren gestellt werden.<\/li>\n\n\n\n<li>Berichtigung: Sollten Personendaten unrichtig sein, haben die Betroffenen einen gesetzlichen Anspruch auf Berichtigung.<\/li>\n\n\n\n<li>Widerspruch: Sofern die Bearbeitung von Personendaten auf unserem berechtigten Interesse beruht, k\u00f6nnen Betroffene gegen die Bearbeitung Ihrer Personendaten widersprechen. Dies jedoch nur, falls Sie sich in einer so besonderen Situation befinden, dass Ihr pers\u00f6nliches Interesse einer Bearbeitung Ihrer Personendaten entgegensteht. Vorbehalten bleiben auch hier zwingende, \u00fcberwiegende Gr\u00fcnde. Bitte beachten Sie auch, dass Betroffene der Verwendung Ihrer Personendaten zur Direktwerbung widersprechen k\u00f6nnen. Vom Widerspruch unber\u00fchrt bleibt die Bearbeitung gest\u00fctzt auf anderweitige Grundlagen.<\/li>\n\n\n\n<li>Widerruf der Einwilligung: Sofern die Bearbeitung der Personendaten auf einer Einwilligung des Betroffenen beruht, kann der Betroffene diese zur\u00fcckziehen. Vom Widerruf der Einwilligung unber\u00fchrt bleibt die Bearbeitung gest\u00fctzt auf anderweitige Grundlagen. Der Widerruf gilt nur f\u00fcr die Zukunft.<\/li>\n\n\n\n<li>Einschr\u00e4nkung: Unter bestimmten Voraussetzungen kann der Betroffene die Einschr\u00e4nkung der Bearbeitung seiner Personendaten verlangen. Dies etwa falls die Richtigkeit der Daten bezweifelt wird. Bitte bedenken Sie, dass dies im Einzelnen die Leistungserbringung gegebenenfalls einschr\u00e4nken oder gar verunm\u00f6glichen kann.<\/li>\n\n\n\n<li>Daten\u00fcbertragbarkeit: Sofern gesetzlich vorgesehen, kann der Betroffene diejenigen Personendaten, welche uns der Betroffene zur Verf\u00fcgung gestellt hat, in einer g\u00e4ngigen und maschinell lesbaren Form herausverlangen und \u2013 vorbeh\u00e4ltlich gewichtiger entgegenstehender Interessen \u2013 weiterverwenden.<\/li>\n\n\n\n<li>L\u00f6schung: Der Betroffene verf\u00fcgt \u00fcber einen gesetzlichen Anspruch auf L\u00f6schung seiner Personendaten, falls diese f\u00fcr den Zweck, f\u00fcr den sie erhoben wurden, nicht mehr ben\u00f6tigt werden oder bei berechtigtem Widerspruch bzw. Widerruf der Einwilligung. Vorbehalten bleibt in jedem Fall die Verwendung aus gesetzlichen vorgeschriebenen Gr\u00fcnden sowie zur Geltendmachung, Aus\u00fcbung und Wahrung von Rechtsanspr\u00fcchen.<\/li>\n\n\n\n<li>Beschwerde: Wir informieren zudem dar\u00fcber, dass Betroffene, je nach anwendbarem Datenschutzrecht, gegebenenfalls \u00fcber ein gesetzliches Beschwerderecht bei der f\u00fcr sie zust\u00e4ndigen Datenschutzbeh\u00f6rde verf\u00fcgen, falls sie mit dem Umgang ihrer Personendaten nicht einverstanden sind.<\/li>\n<\/ul>\n\n\n\n<h2 class=\"wp-block-heading\"><strong>8. Ort der Datenbearbeitung&nbsp;<\/strong><\/h2>\n\n\n\n<p>Die Datenbearbeitung durch ospita \u2013 die Schweizer Gesundheitsunternehmen findet grunds\u00e4tzlich in der Schweiz statt. Eine grenz\u00fcberschreitende Bekanntgabe von Personendaten aus der Schweiz heraus ist m\u00f6glich. Dabei erfolgt die Bekanntgabe in L\u00e4nder, die \u00fcber einen gleichwertigen Datenschutzstandard verf\u00fcgen, in Anwendung angemessener Datenschutzgarantien oder angesichts der Einwilligung des Betroffenen.<\/p>\n\n\n\n<p>Falls Fragen dazu bestehen, stehen wir Ihnen gerne zur Verf\u00fcgung.<\/p>\n\n\n\n<h2 class=\"wp-block-heading\"><strong>9. Dauer der Aufbewahrung von Personendaten&nbsp;<\/strong><\/h2>\n\n\n\n<p>Personendaten der Betroffenen werden so lange aufbewahrt, wie dies zur Erf\u00fcllung der Zwecke, f\u00fcr die sie erhoben wurden, erforderlich ist bzw. so lange wie wir daran ein berechtigtes Interesse haben. Vorbehalten bleiben zudem gesetzliche Aufbewahrungspflichten.<\/p>\n\n\n\n<h2 class=\"wp-block-heading\"><strong>10. Kontakt<\/strong><\/h2>\n\n\n\n<p>Bei Anfragen in Zusammenhang mit der Bearbeitung von Personendaten sowie zur Aus\u00fcbung von Anspr\u00fcchen stehen wir den Betroffenen gerne zur Verf\u00fcgung: <a href=\"mailto:info@ospita.ch\" type=\"mailto\" id=\"mailto:info@ospita.ch\">info@ospita.ch.<\/a><br><br>Wir bem\u00fchen uns um eine zeitnahe Bearbeitung eingehender Anfragen.<\/p>\n","protected":false},"excerpt":{"rendered":"<p>1. Geltungsbereich Die vorliegende Datenschutzerkl\u00e4rung bezieht sich auf den Umgang mit Personendaten von Besuchern unserer Website und anderen interessierten Personen (die \u00abBetroffenen\u00bb) durch ospita \u2013&nbsp;die Schweizer Gesundheitsunternehmen, 3000 Bern. Es gilt das Schweizerische Datenschutzrecht (DSG). Auf allenfalls dar\u00fcber hinaus anwendbares Recht aus der Europ\u00e4ischen Datenschutz-Grundverordnung (DSGVO) wird spezifisch hingewiesen. Bitte beachten Sie, dass Bestand und [&hellip;]<\/p>\n","protected":false},"author":1,"featured_media":0,"parent":0,"menu_order":0,"comment_status":"closed","ping_status":"closed","template":"","meta":{"_acf_changed":false,"inline_featured_image":false,"footnotes":""},"class_list":["post-422","page","type-page","status-publish","hentry"],"acf":[],"yoast_head":"<!-- This site is optimized with the Yoast SEO plugin v27.2 - https:\/\/yoast.com\/product\/yoast-seo-wordpress\/ -->\n<title>Privacy - ospita<\/title>\n<meta name=\"robots\" content=\"noindex, follow, max-snippet:-1, max-image-preview:large, max-video-preview:-1\" \/>\n<meta property=\"og:locale\" content=\"it_IT\" \/>\n<meta property=\"og:type\" content=\"article\" \/>\n<meta property=\"og:title\" content=\"Privacy - ospita\" \/>\n<meta property=\"og:description\" content=\"1. Geltungsbereich Die vorliegende Datenschutzerkl\u00e4rung bezieht sich auf den Umgang mit Personendaten von Besuchern unserer Website und anderen interessierten Personen (die \u00abBetroffenen\u00bb) durch ospita \u2013&nbsp;die Schweizer Gesundheitsunternehmen, 3000 Bern. Es gilt das Schweizerische Datenschutzrecht (DSG). Auf allenfalls dar\u00fcber hinaus anwendbares Recht aus der Europ\u00e4ischen Datenschutz-Grundverordnung (DSGVO) wird spezifisch hingewiesen. Bitte beachten Sie, dass Bestand und [&hellip;]\" \/>\n<meta property=\"og:url\" content=\"https:\/\/dev.ospita.berta-bewegt.ch\/it\/privacy\/\" \/>\n<meta property=\"og:site_name\" content=\"ospita\" \/>\n<meta property=\"article:modified_time\" content=\"2026-03-18T16:44:28+00:00\" \/>\n<meta name=\"twitter:card\" content=\"summary_large_image\" \/>\n<meta name=\"twitter:label1\" content=\"Tempo di lettura stimato\" \/>\n\t<meta name=\"twitter:data1\" content=\"9 minuti\" \/>\n<script type=\"application\/ld+json\" class=\"yoast-schema-graph\">{\"@context\":\"https:\/\/schema.org\",\"@graph\":[{\"@type\":\"WebPage\",\"@id\":\"https:\/\/dev.ospita.berta-bewegt.ch\/it\/privacy\/\",\"url\":\"https:\/\/dev.ospita.berta-bewegt.ch\/it\/privacy\/\",\"name\":\"Privacy - ospita\",\"isPartOf\":{\"@id\":\"https:\/\/dev.ospita.berta-bewegt.ch\/#website\"},\"datePublished\":\"2026-02-10T09:20:40+00:00\",\"dateModified\":\"2026-03-18T16:44:28+00:00\",\"breadcrumb\":{\"@id\":\"https:\/\/dev.ospita.berta-bewegt.ch\/it\/privacy\/#breadcrumb\"},\"inLanguage\":\"it-IT\",\"potentialAction\":[{\"@type\":\"ReadAction\",\"target\":[\"https:\/\/dev.ospita.berta-bewegt.ch\/it\/privacy\/\"]}]},{\"@type\":\"BreadcrumbList\",\"@id\":\"https:\/\/dev.ospita.berta-bewegt.ch\/it\/privacy\/#breadcrumb\",\"itemListElement\":[{\"@type\":\"ListItem\",\"position\":1,\"name\":\"Home\",\"item\":\"https:\/\/dev.ospita.berta-bewegt.ch\/it\/\"},{\"@type\":\"ListItem\",\"position\":2,\"name\":\"Privacy\"}]},{\"@type\":\"WebSite\",\"@id\":\"https:\/\/dev.ospita.berta-bewegt.ch\/#website\",\"url\":\"https:\/\/dev.ospita.berta-bewegt.ch\/\",\"name\":\"ospita\",\"description\":\"N\u00e4her versorgt von\u00a0den Schweizer Gesundheitsunternehmen\",\"potentialAction\":[{\"@type\":\"SearchAction\",\"target\":{\"@type\":\"EntryPoint\",\"urlTemplate\":\"https:\/\/dev.ospita.berta-bewegt.ch\/?s={search_term_string}\"},\"query-input\":{\"@type\":\"PropertyValueSpecification\",\"valueRequired\":true,\"valueName\":\"search_term_string\"}}],\"inLanguage\":\"it-IT\"}]}<\/script>\n<!-- \/ Yoast SEO plugin. -->","yoast_head_json":{"title":"Privacy - ospita","robots":{"index":"noindex","follow":"follow","max-snippet":"max-snippet:-1","max-image-preview":"max-image-preview:large","max-video-preview":"max-video-preview:-1"},"og_locale":"it_IT","og_type":"article","og_title":"Privacy - ospita","og_description":"1. Geltungsbereich Die vorliegende Datenschutzerkl\u00e4rung bezieht sich auf den Umgang mit Personendaten von Besuchern unserer Website und anderen interessierten Personen (die \u00abBetroffenen\u00bb) durch ospita \u2013&nbsp;die Schweizer Gesundheitsunternehmen, 3000 Bern. Es gilt das Schweizerische Datenschutzrecht (DSG). Auf allenfalls dar\u00fcber hinaus anwendbares Recht aus der Europ\u00e4ischen Datenschutz-Grundverordnung (DSGVO) wird spezifisch hingewiesen. Bitte beachten Sie, dass Bestand und [&hellip;]","og_url":"https:\/\/dev.ospita.berta-bewegt.ch\/it\/privacy\/","og_site_name":"ospita","article_modified_time":"2026-03-18T16:44:28+00:00","twitter_card":"summary_large_image","twitter_misc":{"Tempo di lettura stimato":"9 minuti"},"schema":{"@context":"https:\/\/schema.org","@graph":[{"@type":"WebPage","@id":"https:\/\/dev.ospita.berta-bewegt.ch\/it\/privacy\/","url":"https:\/\/dev.ospita.berta-bewegt.ch\/it\/privacy\/","name":"Privacy - ospita","isPartOf":{"@id":"https:\/\/dev.ospita.berta-bewegt.ch\/#website"},"datePublished":"2026-02-10T09:20:40+00:00","dateModified":"2026-03-18T16:44:28+00:00","breadcrumb":{"@id":"https:\/\/dev.ospita.berta-bewegt.ch\/it\/privacy\/#breadcrumb"},"inLanguage":"it-IT","potentialAction":[{"@type":"ReadAction","target":["https:\/\/dev.ospita.berta-bewegt.ch\/it\/privacy\/"]}]},{"@type":"BreadcrumbList","@id":"https:\/\/dev.ospita.berta-bewegt.ch\/it\/privacy\/#breadcrumb","itemListElement":[{"@type":"ListItem","position":1,"name":"Home","item":"https:\/\/dev.ospita.berta-bewegt.ch\/it\/"},{"@type":"ListItem","position":2,"name":"Privacy"}]},{"@type":"WebSite","@id":"https:\/\/dev.ospita.berta-bewegt.ch\/#website","url":"https:\/\/dev.ospita.berta-bewegt.ch\/","name":"ospita","description":"N\u00e4her versorgt von\u00a0den Schweizer Gesundheitsunternehmen","potentialAction":[{"@type":"SearchAction","target":{"@type":"EntryPoint","urlTemplate":"https:\/\/dev.ospita.berta-bewegt.ch\/?s={search_term_string}"},"query-input":{"@type":"PropertyValueSpecification","valueRequired":true,"valueName":"search_term_string"}}],"inLanguage":"it-IT"}]}},"_links":{"self":[{"href":"https:\/\/dev.ospita.berta-bewegt.ch\/it\/wp-json\/wp\/v2\/pages\/422","targetHints":{"allow":["GET"]}}],"collection":[{"href":"https:\/\/dev.ospita.berta-bewegt.ch\/it\/wp-json\/wp\/v2\/pages"}],"about":[{"href":"https:\/\/dev.ospita.berta-bewegt.ch\/it\/wp-json\/wp\/v2\/types\/page"}],"author":[{"embeddable":true,"href":"https:\/\/dev.ospita.berta-bewegt.ch\/it\/wp-json\/wp\/v2\/users\/1"}],"replies":[{"embeddable":true,"href":"https:\/\/dev.ospita.berta-bewegt.ch\/it\/wp-json\/wp\/v2\/comments?post=422"}],"version-history":[{"count":2,"href":"https:\/\/dev.ospita.berta-bewegt.ch\/it\/wp-json\/wp\/v2\/pages\/422\/revisions"}],"predecessor-version":[{"id":821,"href":"https:\/\/dev.ospita.berta-bewegt.ch\/it\/wp-json\/wp\/v2\/pages\/422\/revisions\/821"}],"wp:attachment":[{"href":"https:\/\/dev.ospita.berta-bewegt.ch\/it\/wp-json\/wp\/v2\/media?parent=422"}],"curies":[{"name":"wp","href":"https:\/\/api.w.org\/{rel}","templated":true}]}}