{"id":440,"date":"2026-02-09T12:23:42","date_gmt":"2026-02-09T11:23:42","guid":{"rendered":"https:\/\/dev.ospita.berta-bewegt.ch\/ueber-ospita\/"},"modified":"2026-04-07T10:38:49","modified_gmt":"2026-04-07T08:38:49","slug":"cos-e-ospita","status":"publish","type":"page","link":"https:\/\/dev.ospita.berta-bewegt.ch\/it\/cos-e-ospita\/","title":{"rendered":"Cos\u2019\u00e8 ospita?"},"content":{"rendered":"\n<h2 class=\"wp-block-heading\">La voce delle aziende sanitarie private in Svizzera<\/h2>\n\n\n\n<p>ospita \u00e8 l&#8217;associazione delle aziende sanitarie private in Svizzera. Rappresenta i loro interessi nei confronti della politica, delle autorit\u00e0 e dell&#8217;opinione pubblica e si impegna a favore di condizioni quadro eque, di un&#8217;assistenza efficiente e di una collaborazione efficace all\u2019interno del sistema sanitario.<\/p>\n\n\n\n<p>Sono oltre 100 le aziende associate che ogni giorno garantiscono un&#8217;assistenza sanitaria di prossimit\u00e0 in Svizzera, grazie a un forte legame con il territorio.<\/p>\n\n\n\n<div class=\"wp-block-buttons is-layout-flex wp-block-buttons-is-layout-flex\">\n<div class=\"wp-block-button\"><a class=\"wp-block-button__link wp-element-button\" href=\"https:\/\/www.ospita.ch\/it\/home\/ospita-aziende-sanitarie-svizzere.html\" target=\"_blank\" rel=\"noreferrer noopener\">Al sito web<\/a><\/div>\n<\/div>\n\n\n\n<h2 class=\"wp-block-heading\">A proposito di \u00abVicini alla tua salute\u00bb<\/h2>\n\n\n\n<p>Le aziende sanitarie private svolgono un ruolo fondamentale per il sistema sanitario nazionale. Ogni giorno, infatti, garantiscono alle persone che vivono in Svizzera un&#8217;assistenza medica tempestiva, di qualit\u00e0 e vicina al loro luogo di residenza. Si assumono responsabilit\u00e0 nel campo dell&#8217;assistenza di base e delle specializzazioni mediche, sgravano il sistema evitando pericolosi sovraccarichi e sono saldamente radicate al territorio. Tuttavia, il loro ruolo chiave all\u2019interno del sistema sanitario viene spesso sottovalutato.<\/p>\n\n\n\n            <section class=\"bild-text-block block-margins\">\n            <div class=\"bild-part\">\n                <img decoding=\"async\" width=\"800\" height=\"800\" src=\"https:\/\/dev.ospita.berta-bewegt.ch\/wp-content\/uploads\/2026\/03\/ospita_Logo_ohne_claim_rot-800x800.png\" class=\"my-img\" alt=\"\" loading=\"lazy\" srcset=\"https:\/\/dev.ospita.berta-bewegt.ch\/wp-content\/uploads\/2026\/03\/ospita_Logo_ohne_claim_rot-800x800.png 800w, https:\/\/dev.ospita.berta-bewegt.ch\/wp-content\/uploads\/2026\/03\/ospita_Logo_ohne_claim_rot-1200x1200.png 1200w, https:\/\/dev.ospita.berta-bewegt.ch\/wp-content\/uploads\/2026\/03\/ospita_Logo_ohne_claim_rot-300x300.png 300w, https:\/\/dev.ospita.berta-bewegt.ch\/wp-content\/uploads\/2026\/03\/ospita_Logo_ohne_claim_rot-768x768.png 768w, https:\/\/dev.ospita.berta-bewegt.ch\/wp-content\/uploads\/2026\/03\/ospita_Logo_ohne_claim_rot-1536x1536.png 1536w, https:\/\/dev.ospita.berta-bewegt.ch\/wp-content\/uploads\/2026\/03\/ospita_Logo_ohne_claim_rot.png 1772w\" sizes=\"auto, (max-width: 800px) 100vw, 800px\" \/>            <\/div>\n\n            <div class=\"text-part editor-text-wrapper \">\n                <p>La campagna \u00abVicini alla tua salute\u00bb punta a rendere pi\u00f9 visibile il lavoro delle strutture private, che sono parte integrante del mandato di assistenza sanitaria stabilito dalla Costituzione federale. Al centro non c&#8217;\u00e8 l&#8217;ente responsabile ma l&#8217;assistenza e le cure, perch\u00e9 ci\u00f2 che pi\u00f9 conta \u00e8 una sola: essere a piena disposizione dei pazienti grazie a un\u2019assistenza sanitaria affidabile e accessibile a tutte e a tutti.<\/p>\n            <\/div>\n        <\/section>\n    \n\n\n\n\n\n","protected":false},"excerpt":{"rendered":"<p>La voce delle aziende sanitarie private in Svizzera ospita \u00e8 l&#8217;associazione delle aziende sanitarie private in Svizzera. Rappresenta i loro interessi nei confronti della politica, delle autorit\u00e0 e dell&#8217;opinione pubblica e si impegna a favore di condizioni quadro eque, di un&#8217;assistenza efficiente e di una collaborazione efficace all\u2019interno del sistema sanitario. Sono oltre 100 le [&hellip;]<\/p>\n","protected":false},"author":1,"featured_media":542,"parent":0,"menu_order":0,"comment_status":"closed","ping_status":"closed","template":"","meta":{"_acf_changed":false,"inline_featured_image":false,"footnotes":""},"class_list":["post-440","page","type-page","status-publish","has-post-thumbnail","hentry"],"acf":[],"yoast_head":"<!-- This site is optimized with the Yoast SEO plugin v27.2 - https:\/\/yoast.com\/product\/yoast-seo-wordpress\/ -->\n<title>Cos\u2019\u00e8 ospita? - ospita<\/title>\n<meta name=\"description\" content=\"ospita ist der Verband der privaten Gesundheitsunternehmen in der Schweiz. Er vertritt ihre Interessen gegen\u00fcber Politik und \u00d6ffentlichkeit.\" \/>\n<meta name=\"robots\" content=\"noindex, follow, max-snippet:-1, max-image-preview:large, max-video-preview:-1\" \/>\n<meta property=\"og:locale\" content=\"it_IT\" \/>\n<meta property=\"og:type\" content=\"article\" \/>\n<meta property=\"og:title\" content=\"Cos\u2019\u00e8 ospita? - ospita\" \/>\n<meta property=\"og:description\" content=\"ospita ist der Verband der privaten Gesundheitsunternehmen in der Schweiz. Er vertritt ihre Interessen gegen\u00fcber Politik und \u00d6ffentlichkeit.\" \/>\n<meta property=\"og:url\" content=\"https:\/\/dev.ospita.berta-bewegt.ch\/it\/cos-e-ospita\/\" \/>\n<meta property=\"og:site_name\" content=\"ospita\" \/>\n<meta property=\"article:modified_time\" content=\"2026-04-07T08:38:49+00:00\" \/>\n<meta property=\"og:image\" content=\"https:\/\/dev.ospita.berta-bewegt.ch\/wp-content\/uploads\/2026\/02\/ospita_Events_o_Filter.jpg\" \/>\n\t<meta property=\"og:image:width\" content=\"2438\" \/>\n\t<meta property=\"og:image:height\" content=\"1580\" \/>\n\t<meta property=\"og:image:type\" content=\"image\/jpeg\" \/>\n<meta name=\"twitter:card\" content=\"summary_large_image\" \/>\n<meta name=\"twitter:label1\" content=\"Tempo di lettura stimato\" \/>\n\t<meta name=\"twitter:data1\" content=\"2 minuti\" \/>\n<script type=\"application\/ld+json\" class=\"yoast-schema-graph\">{\"@context\":\"https:\/\/schema.org\",\"@graph\":[{\"@type\":\"WebPage\",\"@id\":\"https:\/\/dev.ospita.berta-bewegt.ch\/it\/cos-e-ospita\/\",\"url\":\"https:\/\/dev.ospita.berta-bewegt.ch\/it\/cos-e-ospita\/\",\"name\":\"Cos\u2019\u00e8 ospita? - ospita\",\"isPartOf\":{\"@id\":\"https:\/\/dev.ospita.berta-bewegt.ch\/#website\"},\"primaryImageOfPage\":{\"@id\":\"https:\/\/dev.ospita.berta-bewegt.ch\/it\/cos-e-ospita\/#primaryimage\"},\"image\":{\"@id\":\"https:\/\/dev.ospita.berta-bewegt.ch\/it\/cos-e-ospita\/#primaryimage\"},\"thumbnailUrl\":\"https:\/\/dev.ospita.berta-bewegt.ch\/wp-content\/uploads\/2026\/02\/ospita_Events_o_Filter.jpg\",\"datePublished\":\"2026-02-09T11:23:42+00:00\",\"dateModified\":\"2026-04-07T08:38:49+00:00\",\"description\":\"ospita ist der Verband der privaten Gesundheitsunternehmen in der Schweiz. Er vertritt ihre Interessen gegen\u00fcber Politik und \u00d6ffentlichkeit.\",\"breadcrumb\":{\"@id\":\"https:\/\/dev.ospita.berta-bewegt.ch\/it\/cos-e-ospita\/#breadcrumb\"},\"inLanguage\":\"it-IT\",\"potentialAction\":[{\"@type\":\"ReadAction\",\"target\":[\"https:\/\/dev.ospita.berta-bewegt.ch\/it\/cos-e-ospita\/\"]}]},{\"@type\":\"ImageObject\",\"inLanguage\":\"it-IT\",\"@id\":\"https:\/\/dev.ospita.berta-bewegt.ch\/it\/cos-e-ospita\/#primaryimage\",\"url\":\"https:\/\/dev.ospita.berta-bewegt.ch\/wp-content\/uploads\/2026\/02\/ospita_Events_o_Filter.jpg\",\"contentUrl\":\"https:\/\/dev.ospita.berta-bewegt.ch\/wp-content\/uploads\/2026\/02\/ospita_Events_o_Filter.jpg\",\"width\":2438,\"height\":1580,\"caption\":\"\u00dcber Ospita\"},{\"@type\":\"BreadcrumbList\",\"@id\":\"https:\/\/dev.ospita.berta-bewegt.ch\/it\/cos-e-ospita\/#breadcrumb\",\"itemListElement\":[{\"@type\":\"ListItem\",\"position\":1,\"name\":\"Home\",\"item\":\"https:\/\/dev.ospita.berta-bewegt.ch\/it\/\"},{\"@type\":\"ListItem\",\"position\":2,\"name\":\"Cos\u2019\u00e8 ospita?\"}]},{\"@type\":\"WebSite\",\"@id\":\"https:\/\/dev.ospita.berta-bewegt.ch\/#website\",\"url\":\"https:\/\/dev.ospita.berta-bewegt.ch\/\",\"name\":\"ospita\",\"description\":\"N\u00e4her versorgt von\u00a0den Schweizer Gesundheitsunternehmen\",\"potentialAction\":[{\"@type\":\"SearchAction\",\"target\":{\"@type\":\"EntryPoint\",\"urlTemplate\":\"https:\/\/dev.ospita.berta-bewegt.ch\/?s={search_term_string}\"},\"query-input\":{\"@type\":\"PropertyValueSpecification\",\"valueRequired\":true,\"valueName\":\"search_term_string\"}}],\"inLanguage\":\"it-IT\"}]}<\/script>\n<!-- \/ Yoast SEO plugin. -->","yoast_head_json":{"title":"Cos\u2019\u00e8 ospita? - ospita","description":"ospita ist der Verband der privaten Gesundheitsunternehmen in der Schweiz. Er vertritt ihre Interessen gegen\u00fcber Politik und \u00d6ffentlichkeit.","robots":{"index":"noindex","follow":"follow","max-snippet":"max-snippet:-1","max-image-preview":"max-image-preview:large","max-video-preview":"max-video-preview:-1"},"og_locale":"it_IT","og_type":"article","og_title":"Cos\u2019\u00e8 ospita? - ospita","og_description":"ospita ist der Verband der privaten Gesundheitsunternehmen in der Schweiz. Er vertritt ihre Interessen gegen\u00fcber Politik und \u00d6ffentlichkeit.","og_url":"https:\/\/dev.ospita.berta-bewegt.ch\/it\/cos-e-ospita\/","og_site_name":"ospita","article_modified_time":"2026-04-07T08:38:49+00:00","og_image":[{"width":2438,"height":1580,"url":"https:\/\/dev.ospita.berta-bewegt.ch\/wp-content\/uploads\/2026\/02\/ospita_Events_o_Filter.jpg","type":"image\/jpeg"}],"twitter_card":"summary_large_image","twitter_misc":{"Tempo di lettura stimato":"2 minuti"},"schema":{"@context":"https:\/\/schema.org","@graph":[{"@type":"WebPage","@id":"https:\/\/dev.ospita.berta-bewegt.ch\/it\/cos-e-ospita\/","url":"https:\/\/dev.ospita.berta-bewegt.ch\/it\/cos-e-ospita\/","name":"Cos\u2019\u00e8 ospita? - ospita","isPartOf":{"@id":"https:\/\/dev.ospita.berta-bewegt.ch\/#website"},"primaryImageOfPage":{"@id":"https:\/\/dev.ospita.berta-bewegt.ch\/it\/cos-e-ospita\/#primaryimage"},"image":{"@id":"https:\/\/dev.ospita.berta-bewegt.ch\/it\/cos-e-ospita\/#primaryimage"},"thumbnailUrl":"https:\/\/dev.ospita.berta-bewegt.ch\/wp-content\/uploads\/2026\/02\/ospita_Events_o_Filter.jpg","datePublished":"2026-02-09T11:23:42+00:00","dateModified":"2026-04-07T08:38:49+00:00","description":"ospita ist der Verband der privaten Gesundheitsunternehmen in der Schweiz. Er vertritt ihre Interessen gegen\u00fcber Politik und \u00d6ffentlichkeit.","breadcrumb":{"@id":"https:\/\/dev.ospita.berta-bewegt.ch\/it\/cos-e-ospita\/#breadcrumb"},"inLanguage":"it-IT","potentialAction":[{"@type":"ReadAction","target":["https:\/\/dev.ospita.berta-bewegt.ch\/it\/cos-e-ospita\/"]}]},{"@type":"ImageObject","inLanguage":"it-IT","@id":"https:\/\/dev.ospita.berta-bewegt.ch\/it\/cos-e-ospita\/#primaryimage","url":"https:\/\/dev.ospita.berta-bewegt.ch\/wp-content\/uploads\/2026\/02\/ospita_Events_o_Filter.jpg","contentUrl":"https:\/\/dev.ospita.berta-bewegt.ch\/wp-content\/uploads\/2026\/02\/ospita_Events_o_Filter.jpg","width":2438,"height":1580,"caption":"\u00dcber Ospita"},{"@type":"BreadcrumbList","@id":"https:\/\/dev.ospita.berta-bewegt.ch\/it\/cos-e-ospita\/#breadcrumb","itemListElement":[{"@type":"ListItem","position":1,"name":"Home","item":"https:\/\/dev.ospita.berta-bewegt.ch\/it\/"},{"@type":"ListItem","position":2,"name":"Cos\u2019\u00e8 ospita?"}]},{"@type":"WebSite","@id":"https:\/\/dev.ospita.berta-bewegt.ch\/#website","url":"https:\/\/dev.ospita.berta-bewegt.ch\/","name":"ospita","description":"N\u00e4her versorgt von\u00a0den Schweizer Gesundheitsunternehmen","potentialAction":[{"@type":"SearchAction","target":{"@type":"EntryPoint","urlTemplate":"https:\/\/dev.ospita.berta-bewegt.ch\/?s={search_term_string}"},"query-input":{"@type":"PropertyValueSpecification","valueRequired":true,"valueName":"search_term_string"}}],"inLanguage":"it-IT"}]}},"_links":{"self":[{"href":"https:\/\/dev.ospita.berta-bewegt.ch\/it\/wp-json\/wp\/v2\/pages\/440","targetHints":{"allow":["GET"]}}],"collection":[{"href":"https:\/\/dev.ospita.berta-bewegt.ch\/it\/wp-json\/wp\/v2\/pages"}],"about":[{"href":"https:\/\/dev.ospita.berta-bewegt.ch\/it\/wp-json\/wp\/v2\/types\/page"}],"author":[{"embeddable":true,"href":"https:\/\/dev.ospita.berta-bewegt.ch\/it\/wp-json\/wp\/v2\/users\/1"}],"replies":[{"embeddable":true,"href":"https:\/\/dev.ospita.berta-bewegt.ch\/it\/wp-json\/wp\/v2\/comments?post=440"}],"version-history":[{"count":5,"href":"https:\/\/dev.ospita.berta-bewegt.ch\/it\/wp-json\/wp\/v2\/pages\/440\/revisions"}],"predecessor-version":[{"id":934,"href":"https:\/\/dev.ospita.berta-bewegt.ch\/it\/wp-json\/wp\/v2\/pages\/440\/revisions\/934"}],"wp:featuredmedia":[{"embeddable":true,"href":"https:\/\/dev.ospita.berta-bewegt.ch\/it\/wp-json\/wp\/v2\/media\/542"}],"wp:attachment":[{"href":"https:\/\/dev.ospita.berta-bewegt.ch\/it\/wp-json\/wp\/v2\/media?parent=440"}],"curies":[{"name":"wp","href":"https:\/\/api.w.org\/{rel}","templated":true}]}}